{"id":9,"date":"2017-11-22T21:54:47","date_gmt":"2017-11-22T21:54:47","guid":{"rendered":"http:\/\/leben-in-holz.de\/?page_id=8"},"modified":"2023-04-28T06:54:28","modified_gmt":"2023-04-28T06:54:28","slug":"uebersicht","status":"publish","type":"page","link":"https:\/\/leben-in-holz.de\/","title":{"rendered":"\u00dcBERSICHT"},"content":{"rendered":"<div class=\"wp-block-image\">\n<figure class=\"alignright size-large is-resized\"><img loading=\"lazy\" decoding=\"async\" src=\"https:\/\/leben-in-holz.de\/wp-content\/uploads\/2020\/06\/pp4J-2-1024x1024.jpg\" alt=\"\" class=\"wp-image-183\" width=\"159\" height=\"159\" srcset=\"https:\/\/leben-in-holz.de\/wp-content\/uploads\/2020\/06\/pp4J-2-1024x1024.jpg 1024w, https:\/\/leben-in-holz.de\/wp-content\/uploads\/2020\/06\/pp4J-2-300x300.jpg 300w, https:\/\/leben-in-holz.de\/wp-content\/uploads\/2020\/06\/pp4J-2-150x150.jpg 150w, https:\/\/leben-in-holz.de\/wp-content\/uploads\/2020\/06\/pp4J-2-768x768.jpg 768w, https:\/\/leben-in-holz.de\/wp-content\/uploads\/2020\/06\/pp4J-2-100x100.jpg 100w, https:\/\/leben-in-holz.de\/wp-content\/uploads\/2020\/06\/pp4J-2.jpg 1417w\" sizes=\"auto, (max-width: 159px) 100vw, 159px\" \/><\/figure>\n<\/div>\n\n\n<p>holz ist wunderbar: mit den h\u00e4nden getastet sp\u00fcren wir die natur.&nbsp; mit den augen angesehen erz\u00e4hlen uns&nbsp; jahresringe und maserung ihre geschichten. <\/p>\n\n\n\n<p>unsere liebe gilt der gestaltung mit wildholz. unter &#8222;wildholz&#8220; verstehen wir holz in der form, in der es gewachsen ist. das sind \u00e4ste, zweige und st\u00e4mme, wie wir sie beim schneiden von geh\u00f6lzen bekommen: mal gerade, mal krumm, mal dicker, mal d\u00fcnner,- aber nie gleich. wenn wir damit arbeiten lassen wir uns auf seine nat\u00fcrliche form ein und gestalten damit. das f\u00fchlt sich sehr sch\u00f6n an und und jedes objekt ist schlie\u00dflich ein begeisterndes unikat. <\/p>\n\n\n\n<p><strong>sie finden auf dieser webseite<\/strong><\/p>\n\n\n\n<p>&#8211; bilder unserer objekte und<br>&#8211; informationen zu den wildholzkursen, die sie bei uns machen k\u00f6nnen<\/p>\n\n\n\n<figure class=\"wp-block-image\"><img decoding=\"async\" src=\"https:\/\/leben-in-holz.de\/wp-content\/uploads\/2020\/06\/DSC_5275-1-1024x680.jpg\" alt=\"Dieses Bild hat ein leeres Alt-Attribut. Der Dateiname ist DSC_5275-1-1024x680.jpg\"\/><\/figure>\n\n\n\n<p><strong>umweltfreundlich und nachhaltig<br><\/strong><\/p>\n\n\n\n<p>f\u00fcr unsere wildholzarbeiten verwenden wir sorgsam ausgesuchte h\u00f6lzer die zum gr\u00f6\u00dften teil aus dem odenwald stammen und bei nat\u00fcrlichen schnittma\u00dfnahmen anfallen. die verarbeitung erfolgt weitgehend in handarbeit in unserem atelier in sch\u00f6nau.<\/p>\n\n\n\n<p>jedes verwendete holz wird  liebevoll f\u00fcr das gerade entstehende gebilde ausgew\u00e4hlt, <br>bearbeitet und eingepasst. <\/p>\n\n\n\n<p><\/p>\n\n\n\n<p><img decoding=\"async\" src=\"https:\/\/leben-in-holz.de\/wp-content\/uploads\/2020\/06\/DSC_5282-1-1024x680.jpg\" alt=\"Dieses Bild hat ein leeres Alt-Attribut. Der Dateiname ist DSC_5282-1-1024x680.jpg\"><\/p>\n\n\n\n<p>damit entstehen auf basis der nat\u00fcrlich gewachsenen formen wundervolle harmo-<br>nien in holz.<\/p>\n\n\n\n\n\n<p>den abschluss bildet eine veredelung der oberfl\u00e4che mit nat\u00fcrlichen materialien.<\/p>\n\n\n\n<p>so erhalten sie ein regionales kunstwerk, das umweltgerecht ohne lange transportwege entsteht.<\/p>\n\n\n<div class=\"wp-block-image\">\n<figure class=\"alignleft is-resized\"><img loading=\"lazy\" decoding=\"async\" src=\"https:\/\/leben-in-holz.de\/wp-content\/uploads\/2020\/06\/DSC_5288-1-680x1024.jpg\" alt=\"Dieses Bild hat ein leeres Alt-Attribut. Der Dateiname ist DSC_5288-1-680x1024.jpg\" width=\"678\" height=\"1022\"\/><\/figure>\n<\/div>\n\n\n<p><\/p>\n","protected":false},"excerpt":{"rendered":"<p>holz ist wunderbar: mit den h\u00e4nden getastet sp\u00fcren wir die natur.&nbsp; mit den augen angesehen erz\u00e4hlen uns&nbsp; jahresringe und maserung ihre geschichten. unsere liebe gilt der gestaltung mit wildholz. unter &#8222;wildholz&#8220; verstehen wir holz in der form, in der es gewachsen ist. das sind \u00e4ste, zweige und st\u00e4mme, wie wir sie beim schneiden von geh\u00f6lzen &hellip; <\/p>\n<p class=\"link-more\"><a href=\"https:\/\/leben-in-holz.de\/\" class=\"more-link\"><span class=\"screen-reader-text\">\u201e\u00dcBERSICHT\u201c <\/span>weiterlesen<\/a><\/p>\n","protected":false},"author":1,"featured_media":0,"parent":0,"menu_order":0,"comment_status":"closed","ping_status":"closed","template":"","meta":{"footnotes":""},"class_list":["post-9","page","type-page","status-publish","hentry"],"_links":{"self":[{"href":"https:\/\/leben-in-holz.de\/index.php?rest_route=\/wp\/v2\/pages\/9","targetHints":{"allow":["GET"]}}],"collection":[{"href":"https:\/\/leben-in-holz.de\/index.php?rest_route=\/wp\/v2\/pages"}],"about":[{"href":"https:\/\/leben-in-holz.de\/index.php?rest_route=\/wp\/v2\/types\/page"}],"author":[{"embeddable":true,"href":"https:\/\/leben-in-holz.de\/index.php?rest_route=\/wp\/v2\/users\/1"}],"replies":[{"embeddable":true,"href":"https:\/\/leben-in-holz.de\/index.php?rest_route=%2Fwp%2Fv2%2Fcomments&post=9"}],"version-history":[{"count":22,"href":"https:\/\/leben-in-holz.de\/index.php?rest_route=\/wp\/v2\/pages\/9\/revisions"}],"predecessor-version":[{"id":245,"href":"https:\/\/leben-in-holz.de\/index.php?rest_route=\/wp\/v2\/pages\/9\/revisions\/245"}],"wp:attachment":[{"href":"https:\/\/leben-in-holz.de\/index.php?rest_route=%2Fwp%2Fv2%2Fmedia&parent=9"}],"curies":[{"name":"wp","href":"https:\/\/api.w.org\/{rel}","templated":true}]}}