{"id":10,"date":"2017-11-22T21:54:47","date_gmt":"2017-11-22T21:54:47","guid":{"rendered":"http:\/\/leben-in-holz.de\/?page_id=9"},"modified":"2023-04-27T17:32:47","modified_gmt":"2023-04-27T17:32:47","slug":"ueber-mich","status":"publish","type":"page","link":"https:\/\/leben-in-holz.de\/?page_id=10","title":{"rendered":"KURSE"},"content":{"rendered":"\n<p><strong>k1001: wildholzbau f\u00fcr einsteiger<\/strong><\/p>\n\n\n\n<figure class=\"wp-block-image size-large is-resized\"><img loading=\"lazy\" decoding=\"async\" src=\"https:\/\/leben-in-holz.de\/wp-content\/uploads\/2023\/04\/N20230408_DSC_7780-1024x737.jpg\" alt=\"\" class=\"wp-image-227\" width=\"525\" height=\"378\" srcset=\"https:\/\/leben-in-holz.de\/wp-content\/uploads\/2023\/04\/N20230408_DSC_7780-1024x737.jpg 1024w, https:\/\/leben-in-holz.de\/wp-content\/uploads\/2023\/04\/N20230408_DSC_7780-300x216.jpg 300w, https:\/\/leben-in-holz.de\/wp-content\/uploads\/2023\/04\/N20230408_DSC_7780-768x553.jpg 768w, https:\/\/leben-in-holz.de\/wp-content\/uploads\/2023\/04\/N20230408_DSC_7780-1536x1106.jpg 1536w, https:\/\/leben-in-holz.de\/wp-content\/uploads\/2023\/04\/N20230408_DSC_7780-2048x1475.jpg 2048w\" sizes=\"auto, (max-width: 525px) 100vw, 525px\" \/><\/figure>\n\n\n\n<p>dieser workshop richtet sich an menschen, die gerne kreativ mit wildholz arbeiten m\u00f6chten.<\/p>\n\n\n\n<p>wir fangen ganz vorne an,- vorkenntnisse werden nicht erwartet!<br>das besondere an diesem kurs ist das ausgangsmaterial: wildholz.<br>wir bauen ein individuelles objekt nach absprache und arbeiten dabei mit den durch den nat\u00fcrlichen wuchs des holzes vorgegebenen formen.<\/p>\n\n\n\n<figure class=\"wp-block-image size-large is-resized\"><img loading=\"lazy\" decoding=\"async\" src=\"https:\/\/leben-in-holz.de\/wp-content\/uploads\/2023\/04\/N20230408_DSC_7770-1024x732.jpg\" alt=\"\" class=\"wp-image-226\" width=\"525\" height=\"374\" srcset=\"https:\/\/leben-in-holz.de\/wp-content\/uploads\/2023\/04\/N20230408_DSC_7770-1024x732.jpg 1024w, https:\/\/leben-in-holz.de\/wp-content\/uploads\/2023\/04\/N20230408_DSC_7770-300x215.jpg 300w, https:\/\/leben-in-holz.de\/wp-content\/uploads\/2023\/04\/N20230408_DSC_7770-768x549.jpg 768w, https:\/\/leben-in-holz.de\/wp-content\/uploads\/2023\/04\/N20230408_DSC_7770-1536x1098.jpg 1536w\" sizes=\"auto, (max-width: 525px) 100vw, 525px\" \/><\/figure>\n\n\n\n<p>an einem oder mehreren wochenenden oder an einem oder mehreren samstagen (je nach projekt und bedarf) lernen sie in einer kleinen gruppe (1-3 teilnehmer) wissenswertes \u00fcber die h\u00f6lzer, den umgang mit verschiedenen werkzeugen und die anfallenden arbeitsschritte bis zur oberfl\u00e4chenveredelung.<\/p>\n\n\n\n<p>sie nehmen mit: wissen \u00fcber und erfahrung mit dem einzigartigen werkstoff wildholz, freude und selbstvertrauen in ihre handwerklichen f\u00e4higkeiten.<\/p>\n\n\n\n<p>beim ersten treffen vereinbaren wir bei bedarf den jeweils n\u00e4chsten termin.<\/p>\n\n\n\n<p><strong>n\u00e4chstes workshopstart-wochenende: 20.\/21. mai 2023<\/strong> (jeweils von 9-18uhr).<\/p>\n\n\n\n<p>gesamt-preis f\u00fcr das wochenende (samstag  + sonntag):  190.&#8211; euro zzgl. material.<\/p>\n\n\n\n<p><\/p>\n\n\n\n<p>weitere start-termine nach vereinbarung &#8211; dazu kontakten sie uns bitte per mail oder telefonisch (tel.: 0 62 28\/ 91 11 94)<\/p>\n\n\n\n<p><figure><img loading=\"lazy\" decoding=\"async\" width=\"466\" height=\"310\" class=\"\" src=\"https:\/\/leben-in-holz.de\/wp-content\/uploads\/2020\/06\/DSC_5196-1-1024x680.jpg\" alt=\"Dieses Bild hat ein leeres Alt-Attribut. Der Dateiname ist DSC_5196-1-1024x680.jpg\"><\/figure><\/p>\n\n\n\n<figure class=\"wp-block-table\"><table><tbody><tr><td><\/td><td>&nbsp;<\/td><\/tr><\/tbody><\/table><\/figure>\n\n\n\n<p><\/p>\n","protected":false},"excerpt":{"rendered":"<p>k1001: wildholzbau f\u00fcr einsteiger dieser workshop richtet sich an menschen, die gerne kreativ mit wildholz arbeiten m\u00f6chten. wir fangen ganz vorne an,- vorkenntnisse werden nicht erwartet!das besondere an diesem kurs ist das ausgangsmaterial: wildholz.wir bauen ein individuelles objekt nach absprache und arbeiten dabei mit den durch den nat\u00fcrlichen wuchs des holzes vorgegebenen formen. an einem &hellip; <\/p>\n<p class=\"link-more\"><a href=\"https:\/\/leben-in-holz.de\/?page_id=10\" class=\"more-link\"><span class=\"screen-reader-text\">\u201eKURSE\u201c <\/span>weiterlesen<\/a><\/p>\n","protected":false},"author":1,"featured_media":90,"parent":0,"menu_order":0,"comment_status":"closed","ping_status":"closed","template":"","meta":{"footnotes":""},"class_list":["post-10","page","type-page","status-publish","has-post-thumbnail","hentry"],"_links":{"self":[{"href":"https:\/\/leben-in-holz.de\/index.php?rest_route=\/wp\/v2\/pages\/10","targetHints":{"allow":["GET"]}}],"collection":[{"href":"https:\/\/leben-in-holz.de\/index.php?rest_route=\/wp\/v2\/pages"}],"about":[{"href":"https:\/\/leben-in-holz.de\/index.php?rest_route=\/wp\/v2\/types\/page"}],"author":[{"embeddable":true,"href":"https:\/\/leben-in-holz.de\/index.php?rest_route=\/wp\/v2\/users\/1"}],"replies":[{"embeddable":true,"href":"https:\/\/leben-in-holz.de\/index.php?rest_route=%2Fwp%2Fv2%2Fcomments&post=10"}],"version-history":[{"count":20,"href":"https:\/\/leben-in-holz.de\/index.php?rest_route=\/wp\/v2\/pages\/10\/revisions"}],"predecessor-version":[{"id":240,"href":"https:\/\/leben-in-holz.de\/index.php?rest_route=\/wp\/v2\/pages\/10\/revisions\/240"}],"wp:featuredmedia":[{"embeddable":true,"href":"https:\/\/leben-in-holz.de\/index.php?rest_route=\/"}],"wp:attachment":[{"href":"https:\/\/leben-in-holz.de\/index.php?rest_route=%2Fwp%2Fv2%2Fmedia&parent=10"}],"curies":[{"name":"wp","href":"https:\/\/api.w.org\/{rel}","templated":true}]}}